{"id":898,"date":"2023-06-26T12:08:45","date_gmt":"2023-06-26T10:08:45","guid":{"rendered":"https:\/\/niesert-kollegen.de\/?page_id=898"},"modified":"2025-07-24T10:13:14","modified_gmt":"2025-07-24T08:13:14","slug":"impressum","status":"publish","type":"page","link":"https:\/\/niesert-kollegen.de\/index.php\/impressum\/","title":{"rendered":"Impressum"},"content":{"rendered":"\n<h1 class=\"wp-block-heading\">Impressum<\/h1>\n\n\n\n<p>Niesert &amp; Kollegen Unternehmens- &amp; Wirtschaftsberatung<br>Thomas Niesert<br>Birkerfeld 99<br>51429 Bergisch Gladbach<br>Tel.: 02204 810748<br>Fax: 02622 9720-53<br>Mobil: 0172 5330450    Mail:&nbsp;<a href=\"mailto:info@wolff-kollegen.de\" target=\"_blank\" rel=\"noreferrer noopener\">info@<\/a>niesert-kollegen.de<\/p>\n\n\n\n<p><\/p>\n\n\n\n\n\n<p><br>Inhaltlich verantwortlich i.S.d. \u00a7 18 Abs. 2 MStV:<br>Thomas Niesert (Anschrift wie oben)<\/p>\n\n\n\n<p>Erlaubnis nach \u00a7 34 c Abs. 1 Gewerbeordnung, Aufsichtsbeh\u00f6rde: Rheinisch Bergischer Kreis, Am R\u00fcbezahlwald 7, 51429 Bergisch GladbachTel.: 02202!-13-2185  Internet: www.rbk-direkt.de<\/p>\n\n\n\n<p>Erlaubnis nach \u00a7 34 d Abs. 1 Gewerbeordnung (Ver\u00adsicherungs\u00admakler), Aufsichtsbeh\u00f6rde: Industrie- und Handelskammer zu K\u00f6ln, Untersachsenhausen 10-26, 50667 K\u00f6ln<\/p>\n\n\n\n<p><\/p>\n\n\n\n<p>Zusatz Impressum:<\/p>\n\n\n\n<p>1. Wir sind nicht bereit und nicht verpflichtet, an einem Verbraucherstreitbeteiligungverfahren teilzunehmen.<\/p>\n\n\n\n<p>2. Wir fallen nicht unter das B FS G. (Barrierefreiheitsst\u00e4rkunsgesetz)<\/p>\n\n\n\n<p>3. Bestellungpflicht Datenschutzbeauftragterbeauftragung:<\/p>\n\n\n\n<p>&nbsp; &nbsp; Nach den Vorgaben der DSGVO muss kein DSB benannt werden.<\/p>\n\n\n\n<p>Vermittlerregister (<a href=\"https:\/\/www.vermittlerregister.info\/\" target=\"_blank\" rel=\"noreferrer noopener\">www.vermittlerregister.info<\/a>):<br>Registrierungs-Nr. D-GB1T-9UVXR-14(f\u00fcr \u00a7 34 d GewO)<\/p>\n\n\n\n<p>Beschwerdeverfahren via Online Streitbeilegung f\u00fcr Verbraucher (OS):&nbsp;<a target=\"_blank\" href=\"https:\/\/ec.europa.eu\/consumers\/odr\" rel=\"noreferrer noopener\">ec.europa.eu\/consumers\/odr<\/a>. Wir nehmen am Streitschlichtungsverfahren teil. Eine Liste mit den Kontaktdaten der anerkannten Streitschlichtungsstellen finden Sie unter&nbsp;<a target=\"_blank\" href=\"https:\/\/ec.europa.eu\/consumers\/odr\/main\/index.cfm?event=main.adr.show\" rel=\"noreferrer noopener\">ec.europa.eu\/consumers\/odr\/main\/index.cfm?event=main.adr.show<\/a>.<\/p>\n\n\n\n<h3 class=\"wp-block-heading\">Berufsbezeichnung<\/h3>\n\n\n\n<p>Ver\u00adsicherungs\u00admakler mit Erlaubnis nach \u00a7 34 d Abs. 1 Gewerbeordnung, Bundesrepublik Deutschland<\/p>\n\n\n\n<p> (VVG-Reg.-Nr. IHK: D-GB1T-9UVXR-14)<br>Immobilienverwalter nach \u00a7 34 c Abs. 1 Gewerbeordnung, Bundesrepublik Deutschland<br><\/p>\n\n\n\n<h3 class=\"wp-block-heading\">Zust\u00e4ndige Berufskammer<\/h3>\n\n\n\n<p>\u00a7 34d &#8211; Industrie- und Handelskammer zu K\u00f6ln, Untersachsenhausen 10-26, 50667 K\u00f6ln<\/p>\n\n\n\n<p>\u00a7 34 c &#8211; Rheinisch Bergischer Kreis, Am R\u00fcbezahlwald 7, 51429 Bergisch Gladbach<\/p>\n\n\n\n<h3 class=\"wp-block-heading\">Berufsrechtliche Regelungen<\/h3>\n\n\n\n<p>&#8211; \u00a7 34 c Gewerbeordnung (GewO)<br>&#8211; \u00a7 34 d Gewerbeordnung (GewO)<\/p>\n\n\n\n<p>&#8211; \u00a7\u00a7 59 &#8211; 68 Gesetz \u00fcber den Versicherungsvertrag (VVG)<br>&#8211; Verordnung \u00fcber die Versicherungsvermittlung und &#8211; beratung (VersVermV)<\/p>\n\n\n\n<p>Die berufsrechtlichen Regelungen k\u00f6nnen \u00fcber die vom Bundesministerium der Justiz und von der juris GmbH betriebenen Homepage&nbsp;<a target=\"_blank\" href=\"https:\/\/www.gesetze-im-internet.de\/\" rel=\"noreferrer noopener\">www.gesetze-im-internet.de<\/a>&nbsp;eingesehen und abgerufen werden.<\/p>\n\n\n\n<h3 class=\"wp-block-heading\">Informationen \u00fcber Nachhaltigkeitsrisiken bei Finanzprodukten<\/h3>\n\n\n\n<p><strong>Was sind Nachhaltigkeitsrisiken?<\/strong><br>Als Nachhaltigkeitsrisiken (ESG-Risiken) werden Ereignisse oder Bedingungen aus den drei Bereichen Umwelt (Environment), Soziales (Social) und Unternehmensf\u00fchrung (Governance) bezeichnet, deren Eintreten negative Auswirkungen auf den Wert der Investition bzw. Anlage haben k\u00f6nnten. Diese Risiken k\u00f6nnen einzelne Unternehmen genauso wie ganze Branchen oder Regionen betreffen.<\/p>\n\n\n\n<p><strong>Was gibt es f\u00fcr Beispiele f\u00fcr Nachhaltigkeitsrisiken in den drei Bereichen?<\/strong><br><strong>Umwelt:&nbsp;<\/strong>In Folge des Klimawandels k\u00f6nnten vermehrt auftretende Extremwetterereignisse ein Risiko darstellen. Dieses Risiko wird auch physisches Risiko genannt. Ein Beispiel hierf\u00fcr w\u00e4re eine extreme Trockenperiode in einer bestimmten Region. Dadurch k\u00f6nnten Pegel von Transportwegen wie Fl\u00fcssen so weit sinken, dass der Transport von Waren beeintr\u00e4chtigt werden k\u00f6nnte.<br><strong>Soziales:&nbsp;<\/strong>Im Bereich des Sozialen k\u00f6nnten sich Risiken zum Beispiel aus der Nichteinhaltung von arbeitsrechtlichen Standards oder des Gesundheitsschutzes ergeben.<br><strong>Unternehmensf\u00fchrung:&nbsp;<\/strong>Beispiele f\u00fcr Risiken im Bereich der Unternehmensf\u00fchrung sind etwa die Nichteinhaltung der Steuerehrlichkeit oder Korruption in Unternehmen.<\/p>\n\n\n\n<p><strong>Information zur Einbeziehung von Nachhaltigkeitsrisiken bei der Beratungst\u00e4tigkeit (Art. 3 TVO)<\/strong><br>Um Nachhaltigkeitsrisiken bei der Beratung einzubeziehen, werden im Rahmen der Auswahl von Anbietern (Finanzmarktteilnehmern) und deren Finanzprodukten deren zur Verf\u00fcgung gestellte Informationen ber\u00fccksichtigt. Anbieter, die erkennbar keine Strategie zur Einbeziehung von Nachhaltigkeitsrisiken in ihre Investitionsentscheidungen haben, werden ggf. nicht angeboten. Im Rahmen der Beratung wird ggf. gesondert dargestellt, wenn die Ber\u00fccksichtigung der Nachhaltigkeitsrisiken bei der Investmententscheidung erkennbare Vor- bzw. Nachteile f\u00fcr den Kunden bedeuten. \u00dcber die Ber\u00fccksichtigung von Nachhaltigkeitsrisiken bei Investitionsentscheidungen des jeweiligen Anbieters informiert dieser mit seinen vorvertraglichen Informationen. Fragen dazu kann der Kunde im Vorfeld eines m\u00f6glichen Abschlusses ansprechen.<\/p>\n\n\n\n<p><strong>Information zur Ber\u00fccksichtigung nachteiliger Auswirkungen auf Nachhaltigkeitsfaktoren (Art. 4 TVO in Verbindung mit Art. 11 der Erg\u00e4nzung zur TVO vom 1. Januar 2023)<\/strong><br>Erkl\u00e4rung \u00fcber die Ber\u00fccksichtigung der wichtigsten nachteiligen Auswirkungen auf Nachhaltigkeitsfaktoren bei der Anlage- und Versicherungsberatung:<br>Bei der Beratung ist es unser Ziel, Ihnen ein geeignetes Anlage-\/Versicherungsanlageprodukt empfehlen zu k\u00f6nnen. Dabei ber\u00fccksichtigen wir auch Ihre Nachhaltigkeitspr\u00e4ferenzen, sofern Sie dies w\u00fcnschen. Hierbei k\u00f6nnen Sie festlegen, ob bei Ihrer Anlage \u00f6kologische und\/oder soziale Werte sowie Grunds\u00e4tze guter Unternehmensf\u00fchrung und\/oder die wichtigsten nachteiligen Auswirkungen von Investitionsentscheidungen auf Nachhaltigkeitsfaktoren ber\u00fccksichtigt werden sollen. Der Gesetzgeber hat je nach Art des Anlageziels (Investition in Unternehmen, Staaten, Immobilien etc.) in folgenden Bereichen &#8222;Indikatoren&#8220; f\u00fcr die wichtigsten nachteiligen Auswirkungen ihrer Investitionsentscheidungen auf Nachhaltigkeitsfaktoren bestimmt:<br>&#8211; Umwelt-, Sozial- und Arbeitnehmerbelange<br>&#8211; Die Achtung der Menschenrechte<br>&#8211; Die Bek\u00e4mpfung von Korruption und Bestechung.<br>Die Produktanbieter sind gesetzlich verpflichtet, eine Erkl\u00e4rung zu ver\u00f6ffentlichen, welche Strategie sie in Bezug auf die Ber\u00fccksichtigung der wichtigsten nachteiligen Auswirkungen und den Umgang damit verfolgen. Dies bezieht sich insbesondere auf Treibhausgasemissionen, Wasserverbrauch, Biodiversit\u00e4t, Abfall, Soziales und Arbeitnehmerbelange (einschlie\u00dflich Menschenrechte und Korruption). Wenn Sie sich dazu entscheiden, dass die wichtigsten nachteiligen Auswirkungen Ihrer Investitionsentscheidungen auf Nachhaltigkeitsfaktoren bei der Produktauswahl ber\u00fccksichtigt werden sollen, beachten wir im Rahmen des Auswahlprozesses die von den Produktanbietern bereitgestellten Informationen sowie die von den Produktanbietern dargelegten Strategien. Eigene Einstufungs- und Auswahlmethoden zu den Informationen der Produktanbieter wenden wir nicht an. Es erfolgt keine gesonderte Pr\u00fcfung der Angaben der Produktanbieter in Hinblick auf ihre Plausibilit\u00e4t.<\/p>\n\n\n\n<p><strong>Informationen zur Verg\u00fctungspolitik bei der Ber\u00fccksichtigung von Nachhaltigkeitsrisiken (Art. 5 TVO)<\/strong><br>Die Verg\u00fctung f\u00fcr die Vermittlung von Finanzprodukten wird grunds\u00e4tzlich nicht von den Nachhaltigkeitsrisiken beeinflusst. Es kann vorkommen, dass Anbieter die Ber\u00fccksichtigung von Nachhaltigkeitsrisiken bei Investitionen h\u00f6her verg\u00fcten. Wenn dies dem Kundeninteresse nicht widerspricht, wird die h\u00f6here Verg\u00fctung angenommen.<\/p>\n\n\n\n<h3 class=\"wp-block-heading\">Angaben zur Verm\u00f6gensschadenhaftpflichtversicherung<\/h3>\n\n\n\n<p>Wir verf\u00fcgen \u00fcber eine g\u00fcltige Verm\u00f6gensschadenhaftpflichtversicherung, welche den gesetzlichen Anforderungen entspricht. Handelsvertreter F\u00fcr unser Unternehmen sind selbst\u00e4ndige Handelsvertreter gem\u00e4\u00df \u00a7 93 HGB oder 84\u00a7 HGB t\u00e4tig. Diese erkennen Sie an der Bezeichnung ?Repr\u00e4sentant\/-in?. Unsere Handelsvertreter verf\u00fcgen \u00fcber eine eigene Verm\u00f6gensschadenhaftpflichtversicherung, welche den gesetzlichen Anforderungen entspricht.<\/p>\n\n\n\n<h3 class=\"wp-block-heading\">Dieses Impressum gilt auch f\u00fcr folgende Social Media Profile<\/h3>\n\n\n\n<ul class=\"wp-block-list\">\n<li>Facebook:&nbsp;<a href=\"https:\/\/www.facebook.com\/profile.php?id=100011176603566\" target=\"_blank\" rel=\"noreferrer noopener\">https:\/\/www.facebook.com\/profile.php?id=100011176603566<\/a><\/li>\n\n\n\n<li>Instagram:&nbsp;<a href=\"https:\/\/www.instagram.com\/wokonr\/\" target=\"_blank\" rel=\"noreferrer noopener\">https:\/\/www.instagram.com\/wokonr\/<\/a><\/li>\n<\/ul>\n","protected":false},"excerpt":{"rendered":"<p>Impressum Niesert &amp; Kollegen Unternehmens- &amp; WirtschaftsberatungThomas NiesertBirkerfeld 9951429 Bergisch GladbachTel.: 02204 810748Fax: 02622 9720-53Mobil: 0172 5330450 Mail:&nbsp;info@niesert-kollegen.de Inhaltlich verantwortlich i.S.d. \u00a7 18 Abs. 2 MStV:Thomas Niesert (Anschrift wie oben) &#8230;<\/p>\n","protected":false},"author":1,"featured_media":0,"parent":0,"menu_order":0,"comment_status":"closed","ping_status":"closed","template":"","meta":{"footnotes":""},"class_list":["post-898","page","type-page","status-publish","hentry"],"_links":{"self":[{"href":"https:\/\/niesert-kollegen.de\/index.php\/wp-json\/wp\/v2\/pages\/898","targetHints":{"allow":["GET"]}}],"collection":[{"href":"https:\/\/niesert-kollegen.de\/index.php\/wp-json\/wp\/v2\/pages"}],"about":[{"href":"https:\/\/niesert-kollegen.de\/index.php\/wp-json\/wp\/v2\/types\/page"}],"author":[{"embeddable":true,"href":"https:\/\/niesert-kollegen.de\/index.php\/wp-json\/wp\/v2\/users\/1"}],"replies":[{"embeddable":true,"href":"https:\/\/niesert-kollegen.de\/index.php\/wp-json\/wp\/v2\/comments?post=898"}],"version-history":[{"count":10,"href":"https:\/\/niesert-kollegen.de\/index.php\/wp-json\/wp\/v2\/pages\/898\/revisions"}],"predecessor-version":[{"id":1849,"href":"https:\/\/niesert-kollegen.de\/index.php\/wp-json\/wp\/v2\/pages\/898\/revisions\/1849"}],"wp:attachment":[{"href":"https:\/\/niesert-kollegen.de\/index.php\/wp-json\/wp\/v2\/media?parent=898"}],"curies":[{"name":"wp","href":"https:\/\/api.w.org\/{rel}","templated":true}]}}