{"id":1539,"date":"2023-07-03T12:18:47","date_gmt":"2023-07-03T10:18:47","guid":{"rendered":"https:\/\/niesert-kollegen.de\/?page_id=1539"},"modified":"2023-08-11T09:57:06","modified_gmt":"2023-08-11T07:57:06","slug":"endkundenrechner","status":"publish","type":"page","link":"https:\/\/niesert-kollegen.de\/index.php\/endkundenrechner\/","title":{"rendered":"Endkundenrechner"},"content":{"rendered":"\n<p>Nutzen Sie die Endkundenrechner um sich ausf\u00fchrlich selbst vorab zu Informieren. Wenn Sie unsere Unterst\u00fctzung gerne h\u00e4tten, dann kontaktieren Sie uns mit den folgenden Kontaktformular.<\/p>\n\n\n\n<a href=\"https:\/\/\u200bberater.finanzen.de\/profil\/harald.wolff.1\" target=\"_blank\" title=\"Harald Wolff - Bewertungsprofil auf finanzen.de\" style=\"padding-bottom: 5px;\" rel=\"noopener\"><img decoding=\"async\" src=\"https:\/\/de.fgrp.net\/s\/proof\/adviser\/advertising\/rating_seal-40832-5824c560a72423d19874845b1d2bc2e7.png\" border=\"0\" style=\"padding-left: 5px;\" alt=\"\" title=\"\"><\/a><br \/>\n\n\n\n<ul class=\"wp-block-list\">\n<li><strong><a href=\"https:\/\/lotse.softfair-server.de\/b2c\/#\/bedarfsermittlung?userexid=2d9985ee-1306-11e5-8000-fc8c26b417db\" target=\"_blank\" rel=\"noreferrer noopener\">Bedarfsermittlung<\/a><\/strong><\/li>\n\n\n\n<li><a href=\"https:\/\/api.fondsfinanz.de\/v1\/sso\/nafi-endkunden\/?hash=1wylcs6r1i5quz2z1f9ffe92ns6cxjfmd7yisx2mo41xl0rqokfbu5zoo4x9bmdeq49nw5mqkad1f0sccmnroeb1bws4jg0e9bki6dg8utc96r1\" target=\"_blank\" rel=\"noreferrer noopener\"><strong>PKW \/ Wohnmobile\/ Motorrad mit sofortigem Ergebnis<\/strong><\/a> und eVB-Nummer f\u00fcr die Zulassungsstelle<\/li>\n\n\n\n<li><a href=\"https:\/\/lotse.softfair-server.de\/b2c\/#\/ergebnis\/phv?userexid=2d9985ee-1306-11e5-8000-fc8c26b417db\" target=\"_blank\" rel=\"noopener\">Private Haftpflicht (PHV)<\/a><\/li>\n\n\n\n<li><a href=\"https:\/\/lotse.softfair-server.de\/b2c\/#\/ergebnis\/hr?userexid=2d9985ee-1306-11e5-8000-fc8c26b417db\" target=\"_blank\" rel=\"noreferrer noopener\">Hausrat<\/a><\/li>\n\n\n\n<li><strong><a href=\"https:\/\/www.procheck24.de\/einsurance\/csp\/doHomepageEntry.do?cspident=775BABFF2264F113541666F8D08F1217&amp;p=7\" target=\"_blank\" rel=\"noreferrer noopener\">Stromvertrag vergleich<\/a><\/strong><\/li>\n\n\n\n<li><a href=\"https:\/\/www.procheck24.de\/einsurance\/csp\/doHomepageEntry.do?cspident=775BABFF2264F113541666F8D08F1217&amp;p=8\" target=\"_blank\" rel=\"noreferrer noopener\">Gasvertrag vergleichen<\/a><\/li>\n\n\n\n<li><a href=\"https:\/\/lotse.softfair-server.de\/b2c\/#\/ergebnis\/hundehalter?userexid=2d9985ee-1306-11e5-8000-fc8c26b417db\" target=\"_blank\" rel=\"noopener\">Hundehalterhaftpflicht<\/a><\/li>\n\n\n\n<li><a href=\"https:\/\/lotse.softfair-server.de\/b2c\/#\/ergebnis\/pferdehalter?userexid=2d9985ee-1306-11e5-8000-fc8c26b417db\" target=\"_blank\" rel=\"noreferrer noopener\">Pferdehalterhaftpflicht<\/a><\/li>\n\n\n\n<li><a href=\"https:\/\/lotse.softfair-server.de\/b2c\/#\/ergebnis\/uv?userexid=2d9985ee-1306-11e5-8000-fc8c26b417db\" target=\"_blank\" rel=\"noreferrer noopener\">Unfall<\/a><\/li>\n\n\n\n<li><a href=\"https:\/\/lotse.softfair-server.de\/b2c\/#\/ergebnis\/rs?userexid=2d9985ee-1306-11e5-8000-fc8c26b417db\" target=\"_blank\" rel=\"noreferrer noopener\">Rechtschutz<\/a><\/li>\n\n\n\n<li>B<a href=\"https:\/\/lotse.softfair-server.de\/b2c\/#\/ergebnis\/bu?userexid=2d9985ee-1306-11e5-8000-fc8c26b417db\" target=\"_blank\" rel=\"noreferrer noopener\">erufsunf\u00e4higkeit<\/a><\/li>\n\n\n\n<li><a href=\"https:\/\/lotse.softfair-server.de\/b2c\/#\/ergebnis\/voll?userexid=2d9985ee-1306-11e5-8000-fc8c26b417db\" target=\"_blank\" rel=\"noreferrer noopener\">Private Krankenvollversicherung<\/a><\/li>\n\n\n\n<li><a href=\"https:\/\/lotse.softfair-server.de\/b2c\/#\/ergebnis\/ergaenzung?userexid=2d9985ee-1306-11e5-8000-fc8c26b417db\" target=\"_blank\" rel=\"noreferrer noopener\">Private Krankenzusatzversicherung<\/a><\/li>\n\n\n\n<li><a href=\"https:\/\/lotse.softfair-server.de\/b2c\/#\/ergebnis\/ergaenzung\/0\/ambulant?userexid=2d9985ee-1306-11e5-8000-fc8c26b417db\" target=\"_blank\" rel=\"noreferrer noopener\">Ambulante Zusatzversicherung<\/a><\/li>\n\n\n\n<li><a href=\"https:\/\/lotse.softfair-server.de\/b2c\/#\/ergebnis\/ergaenzung\/0\/dental?userexid=2d9985ee-1306-11e5-8000-fc8c26b417db\" target=\"_blank\" rel=\"noreferrer noopener\">Dentale Zusatzversicherung<\/a><\/li>\n\n\n\n<li><a href=\"https:\/\/lotse.softfair-server.de\/b2c\/#\/ergebnis\/ergaenzung\/0\/stationaer?userexid=2d9985ee-1306-11e5-8000-fc8c26b417db\" target=\"_blank\" rel=\"noreferrer noopener\">Station\u00e4re Zusatzversicherung<\/a><\/li>\n\n\n\n<li><a href=\"https:\/\/lotse.softfair-server.de\/b2c\/#\/ergebnis\/wg?userexid=2d9985ee-1306-11e5-8000-fc8c26b417db\" target=\"_blank\" rel=\"noreferrer noopener\">Wohngeb\u00e4ude<\/a><\/li>\n\n\n\n<li><a href=\"https:\/\/lotse.softfair-server.de\/b2c\/#\/ergebnis\/sterbegeld?userexid=2d9985ee-1306-11e5-8000-fc8c26b417db\" target=\"_blank\" rel=\"noreferrer noopener\">Sterbegeld<\/a><\/li>\n\n\n\n<li><a href=\"https:\/\/lotse.softfair-server.de\/b2c\/#\/ergebnis\/risiko?userexid=2d9985ee-1306-11e5-8000-fc8c26b417db\" target=\"_blank\" rel=\"noreferrer noopener\">Risiko LV<\/a><\/li>\n\n\n\n<li><a href=\"https:\/\/www.procheck24.de\/einsurance\/csp\/doHomepageEntry.do?cspident=775BABFF2264F113541666F8D08F1217&amp;p=1\" target=\"_blank\" rel=\"noreferrer noopener\">Kreditrechner<\/a><\/li>\n\n\n\n<li><a href=\"https:\/\/www.procheck24.de\/einsurance\/csp\/doHomepageEntry.do?cspident=775BABFF2264F113541666F8D08F1217&amp;p=3\" target=\"_blank\" rel=\"noreferrer noopener\">Girokonto vergleich<\/a><\/li>\n\n\n\n<li><a href=\"https:\/\/www.procheck24.de\/einsurance\/csp\/doHomepageEntry.do?cspident=775BABFF2264F113541666F8D08F1217&amp;p=9\" target=\"_blank\" rel=\"noreferrer noopener\">DSL-Vergleich<\/a><\/li>\n<\/ul>\n\n\n\n<p><\/p>\n\n\n\n<figure class=\"wp-block-image size-full is-resized\"><img loading=\"lazy\" decoding=\"async\" src=\"https:\/\/niesert-kollegen.de\/wp-content\/uploads\/2023\/07\/Vergleichen.jpg\" alt=\"\" class=\"wp-image-1562\" style=\"width:460px;height:469px\" width=\"460\" height=\"469\" title=\"\" srcset=\"https:\/\/niesert-kollegen.de\/wp-content\/uploads\/2023\/07\/Vergleichen.jpg 761w, https:\/\/niesert-kollegen.de\/wp-content\/uploads\/2023\/07\/Vergleichen-295x300.jpg 295w\" sizes=\"auto, (max-width: 460px) 100vw, 460px\" \/><\/figure>\n\n\n<div class=\"wpforms-container wpforms-block wpforms-block-a063249c-5972-4000-b8c6-6ab95b82eaf9\" id=\"wpforms-31\"><form id=\"wpforms-form-31\" class=\"wpforms-validate wpforms-form\" data-formid=\"31\" method=\"post\" enctype=\"multipart\/form-data\" action=\"\/index.php\/wp-json\/wp\/v2\/pages\/1539\" data-token=\"4aeb672df8d8508bc666f1e5556a55b3\" data-token-time=\"1775351229\"><noscript class=\"wpforms-error-noscript\">Bitte aktiviere JavaScript in deinem Browser, um dieses Formular fertigzustellen.<\/noscript><div class=\"wpforms-field-container\"><div id=\"wpforms-31-field_0-container\" class=\"wpforms-field wpforms-field-name\" data-field-id=\"0\"><label class=\"wpforms-field-label\">Name <span class=\"wpforms-required-label\">*<\/span><\/label><div class=\"wpforms-field-row wpforms-field-medium\"><div class=\"wpforms-field-row-block wpforms-first wpforms-one-half\"><input type=\"text\" id=\"wpforms-31-field_0\" class=\"wpforms-field-name-first wpforms-field-required\" name=\"wpforms[fields][0][first]\" required><label for=\"wpforms-31-field_0\" class=\"wpforms-field-sublabel after\">Vorname<\/label><\/div><div class=\"wpforms-field-row-block wpforms-one-half\"><input type=\"text\" id=\"wpforms-31-field_0-last\" class=\"wpforms-field-name-last wpforms-field-required\" name=\"wpforms[fields][0][last]\" required><label for=\"wpforms-31-field_0-last\" class=\"wpforms-field-sublabel after\">Nachname<\/label><\/div><\/div><\/div><div id=\"wpforms-31-field_1-container\" class=\"wpforms-field wpforms-field-email\" data-field-id=\"1\"><label class=\"wpforms-field-label\" for=\"wpforms-31-field_1\">Email <span class=\"wpforms-required-label\">*<\/span><\/label><input type=\"email\" id=\"wpforms-31-field_1\" class=\"wpforms-field-medium wpforms-field-required\" name=\"wpforms[fields][1]\" spellcheck=\"false\" required><\/div><div id=\"wpforms-31-field_2-container\" class=\"wpforms-field wpforms-field-textarea\" data-field-id=\"2\"><label class=\"wpforms-field-label\" for=\"wpforms-31-field_2\">Ihre Nachricht <span class=\"wpforms-required-label\">*<\/span><\/label><textarea id=\"wpforms-31-field_2\" class=\"wpforms-field-medium wpforms-field-required\" name=\"wpforms[fields][2]\" required><\/textarea><\/div><div id=\"wpforms-31-field_4-container\" class=\"wpforms-field wpforms-field-checkbox\" data-field-id=\"4\"><label class=\"wpforms-field-label\">M\u00f6chten Sie unserer E-Mail-Liste beitreten?<\/label><ul id=\"wpforms-31-field_4\"><li class=\"choice-1 depth-1\"><input type=\"checkbox\" id=\"wpforms-31-field_4_1\" name=\"wpforms[fields][4][]\" value=\"Ja, melde mich an!\"  ><label class=\"wpforms-field-label-inline\" for=\"wpforms-31-field_4_1\">Ja, melde mich an!<\/label><\/li><\/ul><\/div><\/div><!-- .wpforms-field-container --><div class=\"wpforms-field wpforms-field-hp\"><label for=\"wpforms-31-field-hp\" class=\"wpforms-field-label\">Website<\/label><input type=\"text\" name=\"wpforms[hp]\" id=\"wpforms-31-field-hp\" class=\"wpforms-field-medium\"><\/div><div class=\"wpforms-recaptcha-container wpforms-is-recaptcha wpforms-is-recaptcha-type-v3\" ><input type=\"hidden\" name=\"wpforms[recaptcha]\" value=\"\"><\/div><div class=\"wpforms-submit-container\" ><input type=\"hidden\" name=\"wpforms[id]\" value=\"31\"><input type=\"hidden\" name=\"page_title\" value=\"\"><input type=\"hidden\" name=\"page_url\" value=\"https:\/\/niesert-kollegen.de\/index.php\/wp-json\/wp\/v2\/pages\/1539\"><input type=\"hidden\" name=\"url_referer\" value=\"\"><button type=\"submit\" name=\"wpforms[submit]\" id=\"wpforms-submit-31\" class=\"wpforms-submit\" data-alt-text=\"Sending...\" data-submit-text=\"Erhalten ein kostenloses Angebot\" aria-live=\"assertive\" value=\"wpforms-submit\">Erhalten ein kostenloses Angebot<\/button><\/div><\/form><\/div>  <!-- .wpforms-container -->\n\n\n<h3 class=\"wp-block-heading\"><br>Endkundenrechner, auch als Consumer-Rechner oder Endanwender-Rechner bezeichnet, bieten eine Reihe von Vorteilen f\u00fcr die Benutzer. Hier sind einige der wichtigsten Vorteile:<\/h3>\n\n\n\n<ol class=\"wp-block-list\">\n<li>Benutzerfreundlichkeit: Endkundenrechner sind in der Regel einfach zu bedienen und erfordern keine fortgeschrittenen technischen Kenntnisse. Die meisten Menschen k\u00f6nnen schnell lernen, wie man sie verwendet, ohne umfangreiche Schulungen oder technische Unterst\u00fctzung.<\/li>\n\n\n\n<li>Vielseitigkeit: Endkundenrechner bieten eine breite Palette von Anwendungen und Funktionen, die den Bed\u00fcrfnissen der Benutzer gerecht werden. Sie k\u00f6nnen f\u00fcr Aufgaben wie Surfen im Internet, E-Mail-Kommunikation, Textverarbeitung, Multimedia-Wiedergabe, Spiele und vieles mehr verwendet werden.<\/li>\n\n\n\n<li>Zug\u00e4nglichkeit: Endkundenrechner sind weit verbreitet. Sie sind in verschiedenen Anwendungsbereichen erh\u00e4ltlich und bieten eine Vielzahl von Optionen, um den unterschiedlichen Anforderungen und Budgets der Benutzer gerecht zu werden.<\/li>\n\n\n\n<li>Konnektivit\u00e4t: Endkundenrechner erm\u00f6glichen eine nahtlose Konnektivit\u00e4t mit anderen Ger\u00e4ten und Netzwerken. <\/li>\n\n\n\n<li>Unterhaltung: Endkundenrechner bieten eine breite Palette von Informations- und Unterhaltungsm\u00f6glichkeiten, darunter das Abspielen von Musik und Videos, das Spielen von Computerspielen, das Ansehen von Filmen und das Lesen von E-Books. Sie erm\u00f6glichen den Benutzern den Zugriff auf eine Vielzahl von digitalen Inhalten wie Versicherungen und Unterhaltungsmedien.<\/li>\n\n\n\n<li>Produktivit\u00e4t: Endkundenrechner sind effektive Werkzeuge f\u00fcr die Verbesserung der Produktivit\u00e4t. Sie erm\u00f6glichen die schnelle und effiziente Erledigung von Aufgaben wie Abschluss einer pers\u00f6nlichen Versicherung etc..<\/li>\n\n\n\n<li>Kommunikation: Endkundenrechner erleichtern die Kommunikation \u00fcber verschiedene Kan\u00e4le wie E-Mail, Instant Messaging, soziale Netzwerke und Videokonferenzen. Sie erm\u00f6glichen den Benutzern den einfachen Austausch von Informationen und die Verbindung mit anderen Menschen weltweit.<\/li>\n<\/ol>\n\n\n\n<p><strong>Es ist wichtig anzumerken, dass die Vorteile von Endkundenrechner je nach individuellen Bed\u00fcrfnissen und Anforderungen variieren k\u00f6nnen. Mit unseren Rechnern auf dieser Seite unterst\u00fctzen wir sie bei der Auswahl der passgenauen Versorgung an Versicherungsprodukten.<\/strong><\/p>\n\n\n\n<p>N\u00e4chstes Tema: <a href=\"https:\/\/niesert-kollegen.de\/index.php\/geschaeftsfuehrer-versorgung\/\" target=\"_blank\" rel=\"noreferrer noopener\">Gesch\u00e4ftsf\u00fchrer\/innen Versorgung<\/a><\/p>\n\n\n\n<div class=\"wp-block-columns is-layout-flex wp-container-core-columns-is-layout-9d6595d7 wp-block-columns-is-layout-flex\">\n<div class=\"wp-block-column is-layout-flow wp-block-column-is-layout-flow\" style=\"flex-basis:100%\">\n<a href=\"https:\/\/meine-finanzen.digital\/login\" target=\"_blank\" rel=\"noopener\"><img decoding=\"async\" src=\"https:\/\/mvp.professional.works\/images\/extlogin\/webapp.jpg\" alt=\"\" title=\"\"><\/a>\n\n\n\n<p>Sie erhalten von uns gerne einen Zugang hier um &#8222;Meine Vertr\u00e4ge und Daten online zu verwalten&#8220; Schreiben Sie uns hier.<\/p>\n\n\n\n<a href=\"https:\/\/mvp.professional.works\" target=\"_blank\" rel=\"noopener\"><img decoding=\"async\" src=\"https:\/\/mvp.professional.works\/images\/extlogin\/professionalworks.jpg\" alt=\"\" title=\"\"><\/a>\n<\/div>\n<\/div>\n","protected":false},"excerpt":{"rendered":"<p>Nutzen Sie die Endkundenrechner um sich ausf\u00fchrlich selbst vorab zu Informieren. Wenn Sie unsere Unterst\u00fctzung gerne h\u00e4tten, dann kontaktieren Sie uns mit den folgenden Kontaktformular.<\/p>\n","protected":false},"author":1,"featured_media":53,"parent":0,"menu_order":0,"comment_status":"closed","ping_status":"closed","template":"","meta":{"footnotes":""},"class_list":["post-1539","page","type-page","status-publish","has-post-thumbnail","hentry"],"_links":{"self":[{"href":"https:\/\/niesert-kollegen.de\/index.php\/wp-json\/wp\/v2\/pages\/1539","targetHints":{"allow":["GET"]}}],"collection":[{"href":"https:\/\/niesert-kollegen.de\/index.php\/wp-json\/wp\/v2\/pages"}],"about":[{"href":"https:\/\/niesert-kollegen.de\/index.php\/wp-json\/wp\/v2\/types\/page"}],"author":[{"embeddable":true,"href":"https:\/\/niesert-kollegen.de\/index.php\/wp-json\/wp\/v2\/users\/1"}],"replies":[{"embeddable":true,"href":"https:\/\/niesert-kollegen.de\/index.php\/wp-json\/wp\/v2\/comments?post=1539"}],"version-history":[{"count":14,"href":"https:\/\/niesert-kollegen.de\/index.php\/wp-json\/wp\/v2\/pages\/1539\/revisions"}],"predecessor-version":[{"id":1778,"href":"https:\/\/niesert-kollegen.de\/index.php\/wp-json\/wp\/v2\/pages\/1539\/revisions\/1778"}],"wp:featuredmedia":[{"embeddable":true,"href":"https:\/\/niesert-kollegen.de\/index.php\/wp-json\/wp\/v2\/media\/53"}],"wp:attachment":[{"href":"https:\/\/niesert-kollegen.de\/index.php\/wp-json\/wp\/v2\/media?parent=1539"}],"curies":[{"name":"wp","href":"https:\/\/api.w.org\/{rel}","templated":true}]}}